{"id":8248,"date":"2021-04-07T17:50:01","date_gmt":"2021-04-07T15:50:01","guid":{"rendered":"https:\/\/zumquadrat.org\/?page_id=8248"},"modified":"2021-04-17T18:56:00","modified_gmt":"2021-04-17T16:56:00","slug":"datenschutz","status":"publish","type":"page","link":"https:\/\/zumquadrat.org\/de\/datenschutz\/","title":{"rendered":"Datenschutz"},"content":{"rendered":"\t\t<div data-elementor-type=\"wp-page\" data-elementor-id=\"8248\" class=\"elementor elementor-8248\" data-elementor-post-type=\"page\">\n\t\t\t\t\t\t<section class=\"elementor-section elementor-top-section elementor-element elementor-element-3a1e972 elementor-section-boxed elementor-section-height-default elementor-section-height-default\" data-id=\"3a1e972\" data-element_type=\"section\">\n\t\t\t\t\t\t<div class=\"elementor-container elementor-column-gap-default\">\n\t\t\t\t\t<div class=\"elementor-column elementor-col-100 elementor-top-column elementor-element elementor-element-cbdb7c0\" data-id=\"cbdb7c0\" data-element_type=\"column\">\n\t\t\t<div class=\"elementor-widget-wrap elementor-element-populated\">\n\t\t\t\t\t\t<div class=\"elementor-element elementor-element-983c9ed elementor-widget elementor-widget-heading\" data-id=\"983c9ed\" data-element_type=\"widget\" data-widget_type=\"heading.default\">\n\t\t\t\t<div class=\"elementor-widget-container\">\n\t\t\t\t\t<h2 class=\"elementor-heading-title elementor-size-default\">Datenschutz<\/h2>\t\t\t\t<\/div>\n\t\t\t\t<\/div>\n\t\t\t\t\t<\/div>\n\t\t<\/div>\n\t\t\t\t\t<\/div>\n\t\t<\/section>\n\t\t\t\t<section class=\"elementor-section elementor-top-section elementor-element elementor-element-ab92fe5 elementor-section-boxed elementor-section-height-default elementor-section-height-default\" data-id=\"ab92fe5\" data-element_type=\"section\">\n\t\t\t\t\t\t<div class=\"elementor-container elementor-column-gap-default\">\n\t\t\t\t\t<div class=\"elementor-column elementor-col-100 elementor-top-column elementor-element elementor-element-735932a\" data-id=\"735932a\" data-element_type=\"column\">\n\t\t\t<div class=\"elementor-widget-wrap elementor-element-populated\">\n\t\t\t\t\t\t<div class=\"elementor-element elementor-element-6acfa20 elementor-widget elementor-widget-text-editor\" data-id=\"6acfa20\" data-element_type=\"widget\" data-widget_type=\"text-editor.default\">\n\t\t\t\t<div class=\"elementor-widget-container\">\n\t\t\t\t\t\t\t\t\t<h3><span style=\"font-weight: 400;\">Datenschutzerkl\u00e4rung<\/span><\/h3>\n<p><span style=\"font-weight: 400;\">Wir freuen uns \u00fcber Ihren Besuch auf der Webseite der schule zumquadrat. Den Schutz Ihrer pers\u00f6nlichen Daten nehmen wir sehr ernst. Im Folgenden informieren wir Sie \u00fcber die Erhebung personenbezogener Daten bei Nutzung unserer Webseite. Neben der rein informativen Nutzung unserer Webseite bieten wir verschiedene Leistungen an, die Sie bei Interesse nutzen k\u00f6nnen. Diese Erkl\u00e4rung informiert \u00fcber den Schutz Ihrer personenbezogenen Daten beim Aufruf unserer Webseite, der Nutzung unserer Online-Instrumente sowie bei der Registrierung und Anmeldung zu unseren Veranstaltungen.<\/span><\/p>\n<p><b>Personenbezogene Daten<\/b><\/p>\n<p><span style=\"font-weight: 400;\">Der Begriff \u201ePersonenbezogene Daten\u201c umfasst alle Informationen, die auf Sie pers\u00f6nlich beziehbar sind, also zum Beispiel Name, Adresse, Telefonnummer, E-Mail-Adresse und Nutzerverhalten. Informationen, die nicht mit Ihrer Identit\u00e4t in Verbindung gebracht werden k\u00f6nnen, wie zum Beispiel die Anzahl der Nutzer unserer Webseite, fallen nicht darunter.<\/span><\/p>\n<p><b>Dienstanbieter<\/b><\/p>\n<p><span style=\"font-weight: 400;\">Dienstanbieter gem. \u00a7 13 Telemediengesetz (TMG) und verantwortliche Stelle bzw. \u201eVerantwortlicher\u201c gem. Artikel 4 Nr. 7 Datenschutz-Grundverordnung (DSGVO) ist Koopkultur e.V..<\/span><\/p>\n<p><\/p>\n<p><span style=\"font-weight: 400;\">Kontaktdaten:<\/span><\/p>\n<p><span style=\"font-weight: 400;\">Koopkultur e.V.<\/span><\/p>\n<p><span style=\"font-weight: 400;\">Steinmetzstra\u00dfe 12<\/span><\/p>\n<p><span style=\"font-weight: 400;\">10783 Berlin<\/span><\/p>\n<p><a href=\"mailto:info@koopkultur.de\"><span style=\"font-weight: 400;\">info@koopkultur.de<\/span><\/a><\/p>\n<p><\/p>\n<p><b>Erhebung und Speicherung personenbezogener Daten sowie Art und Zweck der Verwendung<\/b><\/p\n<li><b>a) beim Besuch der Website<\/b><\/li>\n<\/ol>\n<p><span style=\"font-weight: 400;\">Beim Aufrufen der Website <\/span><a href=\"https:\/\/zumquadrat.org\/de\/\"><span style=\"font-weight: 400;\">https:\/\/zumquadrat.org\/de\/<\/span><\/a><span style=\"font-weight: 400;\"> werden durch den auf Ihrem Endger\u00e4t zum Einsatz kommenden Browser automatisch Informationen an den Server unserer Website gesendet. Diese Informationen werden tempor\u00e4r in einem sog. Logfile gespeichert. Folgende Informationen werden dabei ohne Ihr Zutun erfasst und bis zur automatisierten L\u00f6schung gespeichert:<\/span><\/p>\n<ul>\n<li style=\"font-weight: 400;\" aria-level=\"1\"><span style=\"font-weight: 400;\">IP-Adresse des anfragenden Rechners,<\/span><\/li>\n<li style=\"font-weight: 400;\" aria-level=\"1\"><span style=\"font-weight: 400;\">Datum und Uhrzeit des Zugriffs,<\/span><\/li>\n<li style=\"font-weight: 400;\" aria-level=\"1\"><span style=\"font-weight: 400;\">Name und URL der abgerufenen Datei,<\/span><\/li>\n<li style=\"font-weight: 400;\" aria-level=\"1\"><span style=\"font-weight: 400;\">Website, von der aus der Zugriff erfolgt (Referrer-URL),<\/span><\/li>\n<li style=\"font-weight: 400;\" aria-level=\"1\"><span style=\"font-weight: 400;\">verwendeter Browser und ggf. das Betriebssystem Ihres Rechners sowie der Name Ihres Access-Providers.<\/span><\/li>\n<\/ul>\n<p><span style=\"font-weight: 400;\">Die genannten Daten werden durch uns zu folgenden Zwecken verarbeitet:<\/span><\/p>\n<ul>\n<li style=\"font-weight: 400;\" aria-level=\"1\"><span style=\"font-weight: 400;\">Gew\u00e4hrleistung eines reibungslosen Verbindungsaufbaus der Website,<\/span><\/li>\n<li style=\"font-weight: 400;\" aria-level=\"1\"><span style=\"font-weight: 400;\">Gew\u00e4hrleistung einer komfortablen Nutzung unserer Website,<\/span><\/li>\n<li style=\"font-weight: 400;\" aria-level=\"1\"><span style=\"font-weight: 400;\">Auswertung der Systemsicherheit und -stabilit\u00e4t sowie<\/span><\/li>\n<li style=\"font-weight: 400;\" aria-level=\"1\"><span style=\"font-weight: 400;\">zu weiteren administrativen Zwecken.<\/span><\/li>\n<\/ul>\n<p><span style=\"font-weight: 400;\">Die Rechtsgrundlage f\u00fcr die Datenverarbeitung ist Art.6 Abs.1 S.1 lit. f DSGVO. Unser berechtigtes Interesse folgt aus oben aufgelisteten Zwecken zur Datenerhebung. In keinem Fall verwenden wir die erhobenen Daten zu dem Zweck, R\u00fcckschl\u00fcsse auf Ihre Person zu ziehen. Dar\u00fcber hinaus setzen wir beim Besuch unserer Website Cookies ein (s. Ziff. 3).<\/span><\/p>\n<p><\/p\n<li><b>b) bei E-Mail-Kontakt<\/b><\/li>\n<\/ol>\n<p><span style=\"font-weight: 400;\">Bei Fragen jeglicher Art bieten wir Ihnen die M\u00f6glichkeit, mit uns per E-Mail Kontakt aufzunehmen. Die Erfassung der E-Mail dient in erster Linie dazu, zu erfahren, von wem die Anfrage stammt und erm\u00f6glicht uns, auf die Anfrage schnell und unkompliziert zu antworten. Au\u00dferdem sollen sie dabei helfen, Missbrauch entgegenzuwirken und die Zuordnung des jeweiligen Anliegens zu erm\u00f6glichen bzw. zu erleichtern. Alle weiteren Angaben k\u00f6nnen freiwillig get\u00e4tigt werden. In diesem Fall werden nur die mit der E-Mail \u00fcbermittelten personenbezogenen Daten des Nutzers verarbeitet. Die auf dem beschriebenen Kommunikationsweg \u00fcbermittelten Daten werden ausschlie\u00dflich f\u00fcr die Verarbeitung der Konversation verwendet.<\/span><\/p>\n<p><span style=\"font-weight: 400;\">Die Datenverarbeitung zum Zwecke der Kontaktaufnahme erfolgt auf Grundlage Ihrer freiwillig erteilten Einwilligung (Art. 6 Abs. 1 Satz 1 lit. a DSGVO).<\/span><\/p>\n<p><span style=\"font-weight: 400;\">Die an uns per E-Mail \u00fcbersandten Daten werden gel\u00f6scht, sobald sie f\u00fcr die Erreichung des Zweckes ihrer Erhebung nicht mehr erforderlich sind. Dies ist der Fall, wenn sich Ihre Anfrage erledigt hat bzw. wenn aus den Umst\u00e4nden ersichtlich ist, dass der betroffene Sachverhalt abschlie\u00dfend gekl\u00e4rt ist.<\/span><\/p>\n<p><\/p>\n<p><b>Weitergabe von Daten<\/b><\/p>\n<p><span style=\"font-weight: 400;\">Eine \u00dcbermittlung Ihrer pers\u00f6nlichen Daten an Dritte erfolgt nur, wenn:<\/span><\/p>\n<ul>\n<li style=\"font-weight: 400;\" aria-level=\"1\"><span style=\"font-weight: 400;\">Sie hierzu Ihre ausdr\u00fcckliche Einwilligung erteilt haben (Art. 6 Abs.1 S.1 lit. a DSGVO),<\/span><\/li>\n<li style=\"font-weight: 400;\" aria-level=\"1\"><span style=\"font-weight: 400;\">die Weitergabe gesetzlich zul\u00e4ssig und f\u00fcr die Abwicklung von Vertragsverh\u00e4ltnissen mit Ihnen erforderlich ist (Art. 6 Abs.1 S.1 lit. b DSGVO),<\/span><\/li>\n<li style=\"font-weight: 400;\" aria-level=\"1\"><span style=\"font-weight: 400;\">f\u00fcr die Weitergabe eine gesetzliche Verpflichtung besteht (Art.6 Abs.1 S.1 lit. c DSGVO),<\/span><\/li>\n<li style=\"font-weight: 400;\" aria-level=\"1\"><span style=\"font-weight: 400;\">die Weitergabe zur Geltendmachung, Aus\u00fcbung oder Verteidigung von Rechtsanspr\u00fcchen erforderlich ist und kein Grund zu der Annahme besteht, dass Sie ein \u00fcberwiegendes schutzw\u00fcrdiges Interesse an der Nichtweitergabe Ihrer Daten haben (Art. 6 Art. 1 S. 1 lit. f DSGVO).<\/span><\/li>\n<\/ul>\n<p><b><br><\/b><\/p><p><b>Cookies<\/b><\/p>\n<p><span style=\"font-weight: 400;\">Wir setzen Cookies auf dieser Webseite ein. Hierbei handelt es sich um kleine Dateien, die Ihr Browser automatisch erstellt und die auf Ihrem Endger\u00e4t (Laptop, Tablet, Smartphone o.\u00e4.) gespeichert werden, wenn Sie unsere Seite besuchen. Cookies richten auf Ihrem Endger\u00e4t keinen Schaden an, enthalten keine Viren, Trojaner oder sonstige Schadsoftware.<\/span><\/p>\n<p><span style=\"font-weight: 400;\">In dem Cookie werden Informationen abgelegt, die sich jeweils im Zusammenhang mit dem spezifisch eingesetzten Endger\u00e4t ergeben. Dies bedeutet jedoch nicht, dass wir dadurch unmittelbar Kenntnis von Ihrer Identit\u00e4t erhalten.<\/span><\/p>\n<p><span style=\"font-weight: 400;\">Der Einsatz von Cookies dient zum Einen dazu, die Nutzung unseres Angebotes f\u00fcr Sie angenehmer zu gestalten. So setzen wir sogenannte Session-Cookies ein, um zu erkennen, dass Sie einzelne Seiten unserer Website bereits besucht haben. Diese werden nach Verlassen unserer Seite automatisch gel\u00f6scht.<\/span><\/p>\n<p><span style=\"font-weight: 400;\">Dar\u00fcber hinaus setzen wir ebenfalls zur Optimierung der Benutzerfreundlichkeit tempor\u00e4re Cookies ein, die f\u00fcr einen bestimmten festgelegten Zeitraum auf Ihrem Endger\u00e4t gespeichert werden. Besuchen Sie unsere Seite erneut, um unsere Dienste in Anspruch zu nehmen, wird automatisch erkannt, dass Sie bereits bei uns waren und welche Eingaben und Einstellungen Sie get\u00e4tigt haben. Sie m\u00fcssen diese dann nicht noch einmal eingeben.<\/span><\/p>\n<p><span style=\"font-weight: 400;\">Zum anderen setzen wir Cookies ein, um die Nutzung der Webseite statistisch zu erfassen und zum Zwecke der Optimierung unseres Angebotes f\u00fcr Sie auszuwerten. Diese Cookies erm\u00f6glichen es uns, bei Ihrem erneuten Besuch unserer Seite automatisch zu erkennen, dass Sie bereits bei auf unserer Website waren und welche Informationen hierbei Ihr besonderes Interesse gefunden haben. Diese Cookies werden nach einer jeweils definierten Zeit automatisch gel\u00f6scht.<\/span><\/p>\n<p><span style=\"font-weight: 400;\">Die durch Cookies verarbeiteten Daten sind f\u00fcr die genannten Zwecke zur Wahrung unserer berechtigten Interessen sowie der Interessen Dritter erforderlich (Art.6 Abs.1 S.1 lit. f DSGVO).<\/span><\/p>\n<p><span style=\"font-weight: 400;\">Die meisten Browser akzeptieren Cookies automatisch. Sie k\u00f6nnen Ihren Browser aber auch so konfigurieren, dass keine Cookies auf Ihrem Computer gespeichert werden oder stets ein Hinweis erscheint, bevor ein neuer Cookie angelegt wird. Die vollst\u00e4ndige Deaktivierung von Cookies kann allerdings dazu f\u00fchren, dass Sie nicht alle Funktionen unserer Website nutzen k\u00f6nnen.<\/span><\/p>\n<p><\/p>\n<p><b>Betroffenenrechte<\/b><\/p>\n<p><span style=\"font-weight: 400;\">Sie haben das Recht:<\/span><\/p>\n<ul>\n<li style=\"font-weight: 400;\" aria-level=\"1\"><span style=\"font-weight: 400;\">gem\u00e4\u00df Art.15 DSGVO Auskunft \u00fcber Ihre von uns verarbeiteten personenbezogenen Daten zu verlangen. Insbesondere k\u00f6nnen Sie Auskunft \u00fcber die Verarbeitungszwecke, die Kategorie der personenbezogenen Daten, die Kategorien von Empf\u00e4ngern, gegen\u00fcber denen Ihre Daten offengelegt wurden oder werden, die geplante Speicherdauer, das Bestehen eines Rechts auf Berichtigung, L\u00f6schung, Einschr\u00e4nkung der Verarbeitung oder Widerspruch, das Bestehen eines Beschwerderechts, die Herkunft Ihrer Daten, sofern diese nicht \u00fcber diese erhoben wurden, sowie \u00fcber das Bestehen einer automatisierten Entscheidungsfindung einschlie\u00dflich Profiling und ggf. aussagekr\u00e4ftigen Informationen zu deren Einzelheiten verlangen;<\/span><\/li>\n<li style=\"font-weight: 400;\" aria-level=\"1\"><span style=\"font-weight: 400;\">gem\u00e4\u00df Art.16 DSGVO unverz\u00fcglich die Berichtigung unrichtiger oder Vervollst\u00e4ndigung Ihrer bei uns gespeicherten personenbezogenen Daten zu verlangen;<\/span><\/li>\n<li style=\"font-weight: 400;\" aria-level=\"1\"><span style=\"font-weight: 400;\">gem\u00e4\u00df Art.17 DSGVO die L\u00f6schung Ihrer bei uns gespeicherten personenbezogenen Daten zu verlangen, soweit nicht die Verarbeitung zur Aus\u00fcbung des Rechts auf freie Meinungs\u00e4u\u00dferung und Information, zur Erf\u00fcllung einer rechtlichen Verpflichtung, aus Gr\u00fcnden des \u00f6ffentlichen Interesses oder zur Geltendmachung, Aus\u00fcbung oder Verteidigung von Rechtsanspr\u00fcchen erforderlich ist;<\/span><\/li>\n<li style=\"font-weight: 400;\" aria-level=\"1\"><span style=\"font-weight: 400;\">gem\u00e4\u00df Art.18 DSGVO die Einschr\u00e4nkung der Verarbeitung Ihrer personenbezogenen Daten zu verlangen, soweit die Richtigkeit der Daten von Ihnen bestritten wird, die Verarbeitung unrechtm\u00e4\u00dfig ist, Sie aber deren L\u00f6schung ablehnen und wir die Daten nicht mehr ben\u00f6tigen, Sie jedoch diese zur Geltendmachung, Aus\u00fcbung oder Verteidigung von Rechtsanspr\u00fcchen ben\u00f6tigen oder Sie gem\u00e4\u00df Art. 21 DSGVO Widerspruch gegen die Verarbeitung eingelegt haben;<\/span><\/li>\n<li style=\"font-weight: 400;\" aria-level=\"1\"><span style=\"font-weight: 400;\">gem\u00e4\u00df Art. 20 DSGVO Ihre personenbezogenen Daten, die Sie uns bereitgestellt haben, in einem strukturierten, g\u00e4ngigen und maschinenlesebaren Format zu erhalten oder die \u00dcbermittlung an einen anderen Verantwortlichen zu verlangen;<\/span><\/li>\n<li style=\"font-weight: 400;\" aria-level=\"1\"><span style=\"font-weight: 400;\">gem\u00e4\u00df Art. 7 Abs. 3 DSGVO Ihre einmal erteilte Einwilligung jederzeit mir gegen\u00fcber zu widerrufen. Dies hat zur Folge, dass wir die Datenverarbeitung, die auf dieser Einwilligung beruhte, zuk\u00fcnftig nicht mehr fortf\u00fchren d\u00fcrfen und<\/span><\/li>\n<li style=\"font-weight: 400;\" aria-level=\"1\"><span style=\"font-weight: 400;\">gem\u00e4\u00df Art. 77 DSGVO sich bei einer Aufsichtsbeh\u00f6rde zu beschweren. In der Regel k\u00f6nnen Sie sich hierf\u00fcr an die Aufsichtsbeh\u00f6rde Ihres \u00fcblichen Aufenthaltsortes oder Arbeitsplatzes oder unserem Sitzes wenden.<\/span><\/li>\n<\/ul>\n<p><b><br><\/b><\/p><p><b>Widerspruchsrecht<\/b><\/p>\n<p><span style=\"font-weight: 400;\">Sofern Ihre personenbezogenen Daten auf der Grundlage von berechtigten Interessen gem\u00e4\u00df Art.6 Abs.1 S.1 lit. f DSGVO verarbeitet werden, haben Sie das Recht, gem\u00e4\u00df Art. 21 DSGVO Widerspruch gegen die Verarbeitung Ihrer personenbezogenen Daten einzulegen, soweit daf\u00fcr Gr\u00fcnde vorliegen, die sich aus Ihrer besonderen Situation ergeben oder sich der Widerspruch gegen Direktwerbung richtet. Im letzteren Fall haben Sie ein generelles Widerspruchsrecht, das ohne Angabe einer besonderen Situation von mir umgesetzt wird. M\u00f6chten Sie von Ihrem Widerrufs- oder Widerspruchsrecht Gebrauch machen, gen\u00fcgt eine Mail an <\/span><span style=\"font-weight: 400;\">info@koopkultur.de<\/span><\/p>\n<p><b>Datensicherheit<\/b><\/p>\n<p><span style=\"font-weight: 400;\">Wir verwenden innerhalb des Website-Besuchs das verbreitete SSL-Verfahren (Secure Socket Layer) in Verbindung mit der jeweils h\u00f6chsten Verschl\u00fcsselungsstufe, die von Ihrem Browser unterst\u00fctzt wird. In der Regel handelt es sich dabei um eine 256 Bit Verschl\u00fcsselung. Falls Ihr Browser keine 256-Bit Verschl\u00fcsselung unterst\u00fctzt, greifen wir stattdessen auf 128-Bit v3 Technologie zur\u00fcck. Ob eine einzelne Seite unseres Internetauftrittes verschl\u00fcsselt \u00fcbertragen wird, erkennen Sie an der geschlossenen Darstellung des Sch\u00fcssel- beziehungsweise Schloss-Symbols in der unteren Statusleiste Ihres Browsers.<\/span><\/p>\n<p><span style=\"font-weight: 400;\">Wir bedienen uns im \u00dcbrigen geeigneter technischer und organisatorischer Sicherheitsma\u00dfnahmen, um Ihre Daten gegen zuf\u00e4llige oder vors\u00e4tzliche Manipulationen, teilweisen oder vollst\u00e4ndigen Verlust, Zerst\u00f6rung oder gegen den unbefugten Zugriff Dritter zu sch\u00fctzen. Unsere Sicherheitsma\u00dfnahmen werden entsprechend der technologischen Entwicklung fortlaufend verbessert.<\/span><\/p>\n<p><b>Aktualit\u00e4t und \u00c4nderung dieser Datenschutzerkl\u00e4rung<\/b><\/p>\n<p><span style=\"font-weight: 400;\">Diese Datenschutzerkl\u00e4rung ist aktuell g\u00fcltig und hat den Stand Mai 2018. Durch die Weiterentwicklung unserer Website und Angebote dar\u00fcber oder aufgrund ge\u00e4nderter gesetzlicher beziehungsweise beh\u00f6rdlicher Vorgaben kann es notwendig werden, diese Datenschutzerkl\u00e4rung zu \u00e4ndern. Die jeweils aktuelle Datenschutzerkl\u00e4rung kann jederzeit auf der Website unter <\/span><a href=\"https:\/\/zumquadrat.org\/Datenschutz\"><span style=\"font-weight: 400;\">https:\/\/zumquadrat.org\/Datenschutz<\/span><\/a><span style=\"font-weight: 400;\"> von Ihnen abgerufen und ausgedruckt werden.<\/span><\/p>\t\t\t\t\t\t\t\t<\/div>\n\t\t\t\t<\/div>\n\t\t\t\t\t<\/div>\n\t\t<\/div>\n\t\t\t\t\t<\/div>\n\t\t<\/section>\n\t\t\t\t<\/div>\n\t\t","protected":false},"excerpt":{"rendered":"<p>Datenschutz Datenschutzerkl\u00e4rung Wir freuen uns \u00fcber Ihren Besuch auf der Webseite der schule zumquadrat. Den Schutz Ihrer pers\u00f6nlichen Daten nehmen wir sehr ernst. Im Folgenden informieren wir Sie \u00fcber die Erhebung personenbezogener Daten bei Nutzung unserer Webseite. Neben der rein informativen Nutzung unserer Webseite bieten wir verschiedene Leistungen an, die Sie bei Interesse nutzen k\u00f6nnen. &hellip; <\/p>\n<p class=\"link-more\"><a href=\"https:\/\/zumquadrat.org\/de\/datenschutz\/\" class=\"more-link\"><span class=\"screen-reader-text\">\u201eDatenschutz\u201c<\/span> weiterlesen<\/a><\/p>\n","protected":false},"author":3,"featured_media":0,"parent":0,"menu_order":0,"comment_status":"closed","ping_status":"closed","template":"elementor_header_footer","meta":{"inline_featured_image":false,"footnotes":""},"class_list":["post-8248","page","type-page","status-publish","hentry"],"yoast_head":"<!-- This site is optimized with the Yoast SEO plugin v24.8.1 - https:\/\/yoast.com\/wordpress\/plugins\/seo\/ -->\n<title>Datenschutz - zumquadrat<\/title>\n<meta name=\"robots\" content=\"index, follow, max-snippet:-1, max-image-preview:large, max-video-preview:-1\" \/>\n<link rel=\"canonical\" href=\"https:\/\/zumquadrat.org\/de\/datenschutz\/\" \/>\n<meta property=\"og:locale\" content=\"de_DE\" \/>\n<meta property=\"og:type\" content=\"article\" \/>\n<meta property=\"og:title\" content=\"Datenschutz - zumquadrat\" \/>\n<meta property=\"og:description\" content=\"Datenschutz Datenschutzerkl\u00e4rung Wir freuen uns \u00fcber Ihren Besuch auf der Webseite der schule zumquadrat. Den Schutz Ihrer pers\u00f6nlichen Daten nehmen wir sehr ernst. Im Folgenden informieren wir Sie \u00fcber die Erhebung personenbezogener Daten bei Nutzung unserer Webseite. Neben der rein informativen Nutzung unserer Webseite bieten wir verschiedene Leistungen an, die Sie bei Interesse nutzen k\u00f6nnen. &hellip; \u201eDatenschutz\u201c weiterlesen\" \/>\n<meta property=\"og:url\" content=\"https:\/\/zumquadrat.org\/de\/datenschutz\/\" \/>\n<meta property=\"og:site_name\" content=\"zumquadrat\" \/>\n<meta property=\"article:modified_time\" content=\"2021-04-17T16:56:00+00:00\" \/>\n<meta name=\"twitter:card\" content=\"summary_large_image\" \/>\n<meta name=\"twitter:label1\" content=\"Gesch\u00e4tzte Lesezeit\" \/>\n\t<meta name=\"twitter:data1\" content=\"7\u00a0Minuten\" \/>\n<script type=\"application\/ld+json\" class=\"yoast-schema-graph\">{\"@context\":\"https:\/\/schema.org\",\"@graph\":[{\"@type\":\"WebPage\",\"@id\":\"https:\/\/zumquadrat.org\/de\/datenschutz\/\",\"url\":\"https:\/\/zumquadrat.org\/de\/datenschutz\/\",\"name\":\"Datenschutz - zumquadrat\",\"isPartOf\":{\"@id\":\"https:\/\/zumquadrat.org\/de\/#website\"},\"datePublished\":\"2021-04-07T15:50:01+00:00\",\"dateModified\":\"2021-04-17T16:56:00+00:00\",\"breadcrumb\":{\"@id\":\"https:\/\/zumquadrat.org\/de\/datenschutz\/#breadcrumb\"},\"inLanguage\":\"de\",\"potentialAction\":[{\"@type\":\"ReadAction\",\"target\":[\"https:\/\/zumquadrat.org\/de\/datenschutz\/\"]}]},{\"@type\":\"BreadcrumbList\",\"@id\":\"https:\/\/zumquadrat.org\/de\/datenschutz\/#breadcrumb\",\"itemListElement\":[{\"@type\":\"ListItem\",\"position\":1,\"name\":\"\",\"item\":\"https:\/\/zumquadrat.org\/de\/\"},{\"@type\":\"ListItem\",\"position\":2,\"name\":\"Datenschutz\"}]},{\"@type\":\"WebSite\",\"@id\":\"https:\/\/zumquadrat.org\/de\/#website\",\"url\":\"https:\/\/zumquadrat.org\/de\/\",\"name\":\"zumquadrat\",\"description\":\"schule\",\"potentialAction\":[{\"@type\":\"SearchAction\",\"target\":{\"@type\":\"EntryPoint\",\"urlTemplate\":\"https:\/\/zumquadrat.org\/de\/?s={search_term_string}\"},\"query-input\":{\"@type\":\"PropertyValueSpecification\",\"valueRequired\":true,\"valueName\":\"search_term_string\"}}],\"inLanguage\":\"de\"}]}<\/script>\n<!-- \/ Yoast SEO plugin. -->","yoast_head_json":{"title":"Datenschutz - zumquadrat","robots":{"index":"index","follow":"follow","max-snippet":"max-snippet:-1","max-image-preview":"max-image-preview:large","max-video-preview":"max-video-preview:-1"},"canonical":"https:\/\/zumquadrat.org\/de\/datenschutz\/","og_locale":"de_DE","og_type":"article","og_title":"Datenschutz - zumquadrat","og_description":"Datenschutz Datenschutzerkl\u00e4rung Wir freuen uns \u00fcber Ihren Besuch auf der Webseite der schule zumquadrat. Den Schutz Ihrer pers\u00f6nlichen Daten nehmen wir sehr ernst. Im Folgenden informieren wir Sie \u00fcber die Erhebung personenbezogener Daten bei Nutzung unserer Webseite. Neben der rein informativen Nutzung unserer Webseite bieten wir verschiedene Leistungen an, die Sie bei Interesse nutzen k\u00f6nnen. &hellip; \u201eDatenschutz\u201c weiterlesen","og_url":"https:\/\/zumquadrat.org\/de\/datenschutz\/","og_site_name":"zumquadrat","article_modified_time":"2021-04-17T16:56:00+00:00","twitter_card":"summary_large_image","twitter_misc":{"Gesch\u00e4tzte Lesezeit":"7\u00a0Minuten"},"schema":{"@context":"https:\/\/schema.org","@graph":[{"@type":"WebPage","@id":"https:\/\/zumquadrat.org\/de\/datenschutz\/","url":"https:\/\/zumquadrat.org\/de\/datenschutz\/","name":"Datenschutz - zumquadrat","isPartOf":{"@id":"https:\/\/zumquadrat.org\/de\/#website"},"datePublished":"2021-04-07T15:50:01+00:00","dateModified":"2021-04-17T16:56:00+00:00","breadcrumb":{"@id":"https:\/\/zumquadrat.org\/de\/datenschutz\/#breadcrumb"},"inLanguage":"de","potentialAction":[{"@type":"ReadAction","target":["https:\/\/zumquadrat.org\/de\/datenschutz\/"]}]},{"@type":"BreadcrumbList","@id":"https:\/\/zumquadrat.org\/de\/datenschutz\/#breadcrumb","itemListElement":[{"@type":"ListItem","position":1,"name":"","item":"https:\/\/zumquadrat.org\/de\/"},{"@type":"ListItem","position":2,"name":"Datenschutz"}]},{"@type":"WebSite","@id":"https:\/\/zumquadrat.org\/de\/#website","url":"https:\/\/zumquadrat.org\/de\/","name":"zumquadrat","description":"schule","potentialAction":[{"@type":"SearchAction","target":{"@type":"EntryPoint","urlTemplate":"https:\/\/zumquadrat.org\/de\/?s={search_term_string}"},"query-input":{"@type":"PropertyValueSpecification","valueRequired":true,"valueName":"search_term_string"}}],"inLanguage":"de"}]}},"_links":{"self":[{"href":"https:\/\/zumquadrat.org\/de\/wp-json\/wp\/v2\/pages\/8248","targetHints":{"allow":["GET"]}}],"collection":[{"href":"https:\/\/zumquadrat.org\/de\/wp-json\/wp\/v2\/pages"}],"about":[{"href":"https:\/\/zumquadrat.org\/de\/wp-json\/wp\/v2\/types\/page"}],"author":[{"embeddable":true,"href":"https:\/\/zumquadrat.org\/de\/wp-json\/wp\/v2\/users\/3"}],"replies":[{"embeddable":true,"href":"https:\/\/zumquadrat.org\/de\/wp-json\/wp\/v2\/comments?post=8248"}],"version-history":[{"count":21,"href":"https:\/\/zumquadrat.org\/de\/wp-json\/wp\/v2\/pages\/8248\/revisions"}],"predecessor-version":[{"id":9302,"href":"https:\/\/zumquadrat.org\/de\/wp-json\/wp\/v2\/pages\/8248\/revisions\/9302"}],"wp:attachment":[{"href":"https:\/\/zumquadrat.org\/de\/wp-json\/wp\/v2\/media?parent=8248"}],"curies":[{"name":"wp","href":"https:\/\/api.w.org\/{rel}","templated":true}]}}