{"id":8232,"date":"2021-04-07T17:42:28","date_gmt":"2021-04-07T15:42:28","guid":{"rendered":"https:\/\/zumquadrat.org\/?page_id=8232"},"modified":"2021-04-08T15:12:24","modified_gmt":"2021-04-08T13:12:24","slug":"impressum","status":"publish","type":"page","link":"https:\/\/zumquadrat.org\/de\/impressum\/","title":{"rendered":"Impressum"},"content":{"rendered":"\t\t<div data-elementor-type=\"wp-page\" data-elementor-id=\"8232\" class=\"elementor elementor-8232\" data-elementor-post-type=\"page\">\n\t\t\t\t\t\t<section class=\"elementor-section elementor-top-section elementor-element elementor-element-3a1e972 elementor-section-boxed elementor-section-height-default elementor-section-height-default\" data-id=\"3a1e972\" data-element_type=\"section\">\n\t\t\t\t\t\t<div class=\"elementor-container elementor-column-gap-default\">\n\t\t\t\t\t<div class=\"elementor-column elementor-col-100 elementor-top-column elementor-element elementor-element-cbdb7c0\" data-id=\"cbdb7c0\" data-element_type=\"column\">\n\t\t\t<div class=\"elementor-widget-wrap elementor-element-populated\">\n\t\t\t\t\t\t<div class=\"elementor-element elementor-element-983c9ed elementor-widget elementor-widget-heading\" data-id=\"983c9ed\" data-element_type=\"widget\" data-widget_type=\"heading.default\">\n\t\t\t\t<div class=\"elementor-widget-container\">\n\t\t\t\t\t<h2 class=\"elementor-heading-title elementor-size-default\">Impressum<\/h2>\t\t\t\t<\/div>\n\t\t\t\t<\/div>\n\t\t\t\t\t<\/div>\n\t\t<\/div>\n\t\t\t\t\t<\/div>\n\t\t<\/section>\n\t\t\t\t<section class=\"elementor-section elementor-top-section elementor-element elementor-element-ab92fe5 elementor-section-boxed elementor-section-height-default elementor-section-height-default\" data-id=\"ab92fe5\" data-element_type=\"section\">\n\t\t\t\t\t\t<div class=\"elementor-container elementor-column-gap-default\">\n\t\t\t\t\t<div class=\"elementor-column elementor-col-100 elementor-top-column elementor-element elementor-element-735932a\" data-id=\"735932a\" data-element_type=\"column\">\n\t\t\t<div class=\"elementor-widget-wrap elementor-element-populated\">\n\t\t\t\t\t\t<div class=\"elementor-element elementor-element-6acfa20 elementor-widget elementor-widget-text-editor\" data-id=\"6acfa20\" data-element_type=\"widget\" data-widget_type=\"text-editor.default\">\n\t\t\t\t<div class=\"elementor-widget-container\">\n\t\t\t\t\t\t\t\t\t<p><b>Angaben gem\u00e4\u00df \u00a7 5 TMG<\/b><\/p><p><span style=\"font-weight: 400;\">Koopkultur e.V.<\/span><\/p><p><span style=\"font-weight: 400;\">Steinmetzstra\u00dfe 12<\/span><\/p><p><span style=\"font-weight: 400;\">10783 Berlin<\/span><\/p><p><b>Achtung: Das ist nicht die Besucher*innen-\/ Postadresse.<\/b><\/p><p><span style=\"font-weight: 400;\">Vertretungsberechtigter Vorstand:<\/span><\/p><p><span style=\"font-weight: 400;\">Daniel Gontovnikas (Anschrift wie oben)<\/span><\/p><p><span style=\"font-weight: 400;\">Katharina Wolf (Anschrift wie oben)<\/span><\/p><p><b>Registergericht:<\/b><span style=\"font-weight: 400;\"> Berlin <\/span><span style=\"font-weight: 400;\">Charlottenburg<\/span><\/p><p><b>Registernummer:<\/b><span style=\"font-weight: 400;\"> VR 36813 B<\/span><\/p><h2><b>Kontakt:<\/b><\/h2><p><span style=\"font-weight: 400;\">info@koopkultur.de<\/span><\/p><p><span style=\"font-weight: 400;\">Telefon: +49 177 4219797<\/span><\/p><p><span style=\"font-weight: 400;\">schule zumquadrat ist ein Projekt in Tr\u00e4gerschaft des Koopkultur e. V.<\/span><\/p><p><b>Verbraucherschlichtungsverfahren<\/b><span style=\"font-weight: 400;\">:<\/span><\/p><p><span style=\"font-weight: 400;\">Koopkultur e.V. ist nicht verpflichtet, an Streitbeilegungsverfahren vor einer Verbraucherschlichtungsstelle teilzunehmen. Eine freiwillige Teilnahme erfolgt nicht.<\/span><\/p><p><span style=\"font-weight: 400;\">Koopkultur e.V.<\/span><\/p><p><span style=\"font-weight: 400;\">All rights are reserved<\/span><\/p><h3><b>Haftungsausschluss<\/b><\/h3><p><span style=\"font-weight: 400;\">Koopkultur e.V. \u00fcbernimmt keinerlei Gew\u00e4hr f\u00fcr die Aktualit\u00e4t, Korrektheit, Vollst\u00e4ndigkeit oder Qualit\u00e4t der bereitgestellten Informationen.<\/span><\/p><p><span style=\"font-weight: 400;\">Haftungsanspr\u00fcche gegen Koopkultur e.V., die sich auf Sch\u00e4den materieller oder ideeller Art beziehen, welche durch die Nutzung oder Nichtnutzung der dargebotenen Informationen bzw. durch die Nutzung fehlerhafter und unvollst\u00e4ndiger Informationen verursacht wurden, sind grunds\u00e4tzlich ausgeschlossen, sofern seitens Koopkultur e.V. kein nachweislich vors\u00e4tzliches oder grob fahrl\u00e4ssiges Verschulden vorliegt.<\/span><\/p><p><span style=\"font-weight: 400;\">Alle Angebote sind freibleibend und unverbindlich.<\/span><\/p><p><span style=\"font-weight: 400;\">Koopkultur e.V. beh\u00e4lt es sich ausdr\u00fccklich vor, Teile der Seiten ohne gesonderte Ank\u00fcndigung zu ver\u00e4ndern, zu erg\u00e4nzen, zu l\u00f6schen oder die Ver\u00f6ffentlichung zeitweise oder endg\u00fcltig einzustellen.<\/span><\/p><p><b>Links<\/b><\/p><p><span style=\"font-weight: 400;\">Mit dem Urteil vom 12. Mai 1998 hat das Landgericht Hamburg entschieden, dass man durch die Anbringung eines Links die Inhalte der gelinkten Seite ggf. mit zu verantworten hat. Dies kann &#8211; so das Landgericht &#8211; nur dadurch verhindert werden, dass man sich ausdr\u00fccklich von diesen Inhalten distanziert.<\/span><\/p><p><span style=\"font-weight: 400;\">Auf dieser Website befinden sich Links zu anderen Inhalten im Internet. F\u00fcr diese Links gilt: Wir betonen ausdr\u00fccklich, dass wir keinerlei Einfluss auf die Gestaltung und die Inhalte der gelinkten Seiten\/Inhalte haben. Deshalb distanzieren wir uns hiermit ausdr\u00fccklich von allen Inhalten aller gelinkten Seiten auf dieser Website. Diese Erkl\u00e4rung gilt f\u00fcr alle Seiten dieser Site, wo Links oder Banner auf externe Inhalte abgehen.<\/span><\/p><p><b>Rechtswirksamkeit dieses Haftungsausschlusses<\/b><\/p><p><span style=\"font-weight: 400;\">Dieser Haftungsausschluss ist als Teil des Internetangebotes zu betrachten, von dem aus auf diese Seite verwiesen wurde. Sofern Teile oder einzelne Formulierungen dieses Textes der geltenden Rechtslage nicht, nicht mehr oder nicht vollst\u00e4ndig entsprechen sollten, bleiben die \u00fcbrigen Teile des Dokumentes in ihrem Inhalt und ihrer G\u00fcltigkeit davon unber\u00fchrt.<\/span><\/p>\t\t\t\t\t\t\t\t<\/div>\n\t\t\t\t<\/div>\n\t\t\t\t\t<\/div>\n\t\t<\/div>\n\t\t\t\t\t<\/div>\n\t\t<\/section>\n\t\t\t\t<\/div>\n\t\t","protected":false},"excerpt":{"rendered":"<p>Impressum Angaben gem\u00e4\u00df \u00a7 5 TMG Koopkultur e.V. Steinmetzstra\u00dfe 12 10783 Berlin Achtung: Das ist nicht die Besucher*innen-\/ Postadresse. Vertretungsberechtigter Vorstand: Daniel Gontovnikas (Anschrift wie oben) Katharina Wolf (Anschrift wie oben) Registergericht: Berlin Charlottenburg Registernummer: VR 36813 B Kontakt: info@koopkultur.de Telefon: +49 177 4219797 schule zumquadrat ist ein Projekt in Tr\u00e4gerschaft des Koopkultur e. V. &hellip; <\/p>\n<p class=\"link-more\"><a href=\"https:\/\/zumquadrat.org\/de\/impressum\/\" class=\"more-link\"><span class=\"screen-reader-text\">\u201eImpressum\u201c<\/span> weiterlesen<\/a><\/p>\n","protected":false},"author":3,"featured_media":0,"parent":0,"menu_order":0,"comment_status":"closed","ping_status":"closed","template":"elementor_header_footer","meta":{"inline_featured_image":false,"footnotes":""},"class_list":["post-8232","page","type-page","status-publish","hentry"],"yoast_head":"<!-- This site is optimized with the Yoast SEO plugin v24.8.1 - https:\/\/yoast.com\/wordpress\/plugins\/seo\/ -->\n<title>Impressum - zumquadrat<\/title>\n<meta name=\"robots\" content=\"index, follow, max-snippet:-1, max-image-preview:large, max-video-preview:-1\" \/>\n<link rel=\"canonical\" href=\"https:\/\/zumquadrat.org\/de\/impressum\/\" \/>\n<meta property=\"og:locale\" content=\"de_DE\" \/>\n<meta property=\"og:type\" content=\"article\" \/>\n<meta property=\"og:title\" content=\"Impressum - zumquadrat\" \/>\n<meta property=\"og:description\" content=\"Impressum Angaben gem\u00e4\u00df \u00a7 5 TMG Koopkultur e.V. Steinmetzstra\u00dfe 12 10783 Berlin Achtung: Das ist nicht die Besucher*innen-\/ Postadresse. Vertretungsberechtigter Vorstand: Daniel Gontovnikas (Anschrift wie oben) Katharina Wolf (Anschrift wie oben) Registergericht: Berlin Charlottenburg Registernummer: VR 36813 B Kontakt: info@koopkultur.de Telefon: +49 177 4219797 schule zumquadrat ist ein Projekt in Tr\u00e4gerschaft des Koopkultur e. V. &hellip; \u201eImpressum\u201c weiterlesen\" \/>\n<meta property=\"og:url\" content=\"https:\/\/zumquadrat.org\/de\/impressum\/\" \/>\n<meta property=\"og:site_name\" content=\"zumquadrat\" \/>\n<meta property=\"article:modified_time\" content=\"2021-04-08T13:12:24+00:00\" \/>\n<meta name=\"twitter:card\" content=\"summary_large_image\" \/>\n<meta name=\"twitter:label1\" content=\"Gesch\u00e4tzte Lesezeit\" \/>\n\t<meta name=\"twitter:data1\" content=\"2\u00a0Minuten\" \/>\n<script type=\"application\/ld+json\" class=\"yoast-schema-graph\">{\"@context\":\"https:\/\/schema.org\",\"@graph\":[{\"@type\":\"WebPage\",\"@id\":\"https:\/\/zumquadrat.org\/de\/impressum\/\",\"url\":\"https:\/\/zumquadrat.org\/de\/impressum\/\",\"name\":\"Impressum - zumquadrat\",\"isPartOf\":{\"@id\":\"https:\/\/zumquadrat.org\/de\/#website\"},\"datePublished\":\"2021-04-07T15:42:28+00:00\",\"dateModified\":\"2021-04-08T13:12:24+00:00\",\"breadcrumb\":{\"@id\":\"https:\/\/zumquadrat.org\/de\/impressum\/#breadcrumb\"},\"inLanguage\":\"de\",\"potentialAction\":[{\"@type\":\"ReadAction\",\"target\":[\"https:\/\/zumquadrat.org\/de\/impressum\/\"]}]},{\"@type\":\"BreadcrumbList\",\"@id\":\"https:\/\/zumquadrat.org\/de\/impressum\/#breadcrumb\",\"itemListElement\":[{\"@type\":\"ListItem\",\"position\":1,\"name\":\"\",\"item\":\"https:\/\/zumquadrat.org\/de\/\"},{\"@type\":\"ListItem\",\"position\":2,\"name\":\"Impressum\"}]},{\"@type\":\"WebSite\",\"@id\":\"https:\/\/zumquadrat.org\/de\/#website\",\"url\":\"https:\/\/zumquadrat.org\/de\/\",\"name\":\"zumquadrat\",\"description\":\"schule\",\"potentialAction\":[{\"@type\":\"SearchAction\",\"target\":{\"@type\":\"EntryPoint\",\"urlTemplate\":\"https:\/\/zumquadrat.org\/de\/?s={search_term_string}\"},\"query-input\":{\"@type\":\"PropertyValueSpecification\",\"valueRequired\":true,\"valueName\":\"search_term_string\"}}],\"inLanguage\":\"de\"}]}<\/script>\n<!-- \/ Yoast SEO plugin. -->","yoast_head_json":{"title":"Impressum - zumquadrat","robots":{"index":"index","follow":"follow","max-snippet":"max-snippet:-1","max-image-preview":"max-image-preview:large","max-video-preview":"max-video-preview:-1"},"canonical":"https:\/\/zumquadrat.org\/de\/impressum\/","og_locale":"de_DE","og_type":"article","og_title":"Impressum - zumquadrat","og_description":"Impressum Angaben gem\u00e4\u00df \u00a7 5 TMG Koopkultur e.V. Steinmetzstra\u00dfe 12 10783 Berlin Achtung: Das ist nicht die Besucher*innen-\/ Postadresse. Vertretungsberechtigter Vorstand: Daniel Gontovnikas (Anschrift wie oben) Katharina Wolf (Anschrift wie oben) Registergericht: Berlin Charlottenburg Registernummer: VR 36813 B Kontakt: info@koopkultur.de Telefon: +49 177 4219797 schule zumquadrat ist ein Projekt in Tr\u00e4gerschaft des Koopkultur e. V. &hellip; \u201eImpressum\u201c weiterlesen","og_url":"https:\/\/zumquadrat.org\/de\/impressum\/","og_site_name":"zumquadrat","article_modified_time":"2021-04-08T13:12:24+00:00","twitter_card":"summary_large_image","twitter_misc":{"Gesch\u00e4tzte Lesezeit":"2\u00a0Minuten"},"schema":{"@context":"https:\/\/schema.org","@graph":[{"@type":"WebPage","@id":"https:\/\/zumquadrat.org\/de\/impressum\/","url":"https:\/\/zumquadrat.org\/de\/impressum\/","name":"Impressum - zumquadrat","isPartOf":{"@id":"https:\/\/zumquadrat.org\/de\/#website"},"datePublished":"2021-04-07T15:42:28+00:00","dateModified":"2021-04-08T13:12:24+00:00","breadcrumb":{"@id":"https:\/\/zumquadrat.org\/de\/impressum\/#breadcrumb"},"inLanguage":"de","potentialAction":[{"@type":"ReadAction","target":["https:\/\/zumquadrat.org\/de\/impressum\/"]}]},{"@type":"BreadcrumbList","@id":"https:\/\/zumquadrat.org\/de\/impressum\/#breadcrumb","itemListElement":[{"@type":"ListItem","position":1,"name":"","item":"https:\/\/zumquadrat.org\/de\/"},{"@type":"ListItem","position":2,"name":"Impressum"}]},{"@type":"WebSite","@id":"https:\/\/zumquadrat.org\/de\/#website","url":"https:\/\/zumquadrat.org\/de\/","name":"zumquadrat","description":"schule","potentialAction":[{"@type":"SearchAction","target":{"@type":"EntryPoint","urlTemplate":"https:\/\/zumquadrat.org\/de\/?s={search_term_string}"},"query-input":{"@type":"PropertyValueSpecification","valueRequired":true,"valueName":"search_term_string"}}],"inLanguage":"de"}]}},"_links":{"self":[{"href":"https:\/\/zumquadrat.org\/de\/wp-json\/wp\/v2\/pages\/8232","targetHints":{"allow":["GET"]}}],"collection":[{"href":"https:\/\/zumquadrat.org\/de\/wp-json\/wp\/v2\/pages"}],"about":[{"href":"https:\/\/zumquadrat.org\/de\/wp-json\/wp\/v2\/types\/page"}],"author":[{"embeddable":true,"href":"https:\/\/zumquadrat.org\/de\/wp-json\/wp\/v2\/users\/3"}],"replies":[{"embeddable":true,"href":"https:\/\/zumquadrat.org\/de\/wp-json\/wp\/v2\/comments?post=8232"}],"version-history":[{"count":21,"href":"https:\/\/zumquadrat.org\/de\/wp-json\/wp\/v2\/pages\/8232\/revisions"}],"predecessor-version":[{"id":9301,"href":"https:\/\/zumquadrat.org\/de\/wp-json\/wp\/v2\/pages\/8232\/revisions\/9301"}],"wp:attachment":[{"href":"https:\/\/zumquadrat.org\/de\/wp-json\/wp\/v2\/media?parent=8232"}],"curies":[{"name":"wp","href":"https:\/\/api.w.org\/{rel}","templated":true}]}}